{"id":71,"date":"2021-02-25T11:07:31","date_gmt":"2021-02-25T11:07:31","guid":{"rendered":"http:\/\/etxalarescaperoom.com\/?page_id=71"},"modified":"2021-02-26T10:03:07","modified_gmt":"2021-02-26T10:03:07","slug":"opari-bonoa","status":"publish","type":"page","link":"https:\/\/etxalarescaperoom.com\/es\/opari-bonoa\/","title":{"rendered":"BONO REGALO"},"content":{"rendered":"<p><strong>\u00bfQuieres regalar la experiencia Etxalar Escape Room a alguien?<\/strong><br>Lo tienes muy f\u00e1cil.<br>1. Haz click en el apartado COMPRAR BONO REGALO<br>2. Selecciona cuantas personas quieres que vengan<br>3. Ab\u00f3nalo con tu tarjeta de cr\u00e9dito.<br>4. Recibir\u00e1s en tu email el bono regalo con un c\u00f3digo.<br>5. Quien reciba el bono regalo con el c\u00f3digo, lo tendr\u00e1 que canjear en el apartado CANJEAR EL BONO REGALO<\/p>\n\n\n\n<p>La validez m\u00e1xima del bono regalo ser\u00e1 de 6 meses.<br>En el caso de ser mas participantes, se abonara la diferencia en el local.<\/p>\n\n\n\n<font face=\"impact\" size=\"6\" color=\"red\">\n\n<div class=\"load-turitop\" data-service=\"P1\" data-lang=\"es\" data-embed=\"button\" align=\"center\" data-gift=\"checked\">COMPRA EL BONO REGALO<\/div> <\/font>\n\n\n\n<div style=\"height:69px\" aria-hidden=\"true\" class=\"wp-block-spacer\"><\/div>\n\n\n\n<p><strong>\u00bfTienes el Bono Regalo?<\/strong><br>Haz click en el apartado CANJEAR EL BONO REGALO y sigue las instrucciones. Podr\u00e1s elegir el d\u00eda y la hora para la experiencia Etxalar Escape Room<\/p>\n\n\n\n<font face=\"impact\" size=\"6\" color=\"red\">\n\n<div id=\"redeemgv\" class=\"load-turitop\" align=\"center\" data-lang=\"es\" data-embed=\"redeemgv\">CANJEAR EL BONO REGALO<\/div>\n<\/font>\n\n\n\n<div style=\"height:100px\" aria-hidden=\"true\" class=\"wp-block-spacer\"><\/div>","protected":false},"excerpt":{"rendered":"<p>Etxalar Escape Room esperientzia opari nahi duzu?Hagitz erraza duzu.1. OPARI BONOA EROSI atalean klik egin2. Zenbat pertsona etorriko diren\/ zareten aukeratu3. Kreditu-Txartelarekin ordaindu.4. Posta elektronikoan opari bonoa jasoko duzu kode batekin5. Opari bonoa jasotzen duenak OPARI BONOA TRUKATU atalean trukatu beharko du Opari bonoak 6 hilabeteko baliotasuna izango du.Parte hartzaile [&hellip;]<\/p>","protected":false},"author":1,"featured_media":0,"parent":0,"menu_order":0,"comment_status":"closed","ping_status":"closed","template":"","meta":{"_coblocks_attr":"","_coblocks_dimensions":"","_coblocks_responsive_height":"","_coblocks_accordion_ie_support":""},"_links":{"self":[{"href":"https:\/\/etxalarescaperoom.com\/es\/wp-json\/wp\/v2\/pages\/71"}],"collection":[{"href":"https:\/\/etxalarescaperoom.com\/es\/wp-json\/wp\/v2\/pages"}],"about":[{"href":"https:\/\/etxalarescaperoom.com\/es\/wp-json\/wp\/v2\/types\/page"}],"author":[{"embeddable":true,"href":"https:\/\/etxalarescaperoom.com\/es\/wp-json\/wp\/v2\/users\/1"}],"replies":[{"embeddable":true,"href":"https:\/\/etxalarescaperoom.com\/es\/wp-json\/wp\/v2\/comments?post=71"}],"version-history":[{"count":7,"href":"https:\/\/etxalarescaperoom.com\/es\/wp-json\/wp\/v2\/pages\/71\/revisions"}],"predecessor-version":[{"id":162,"href":"https:\/\/etxalarescaperoom.com\/es\/wp-json\/wp\/v2\/pages\/71\/revisions\/162"}],"wp:attachment":[{"href":"https:\/\/etxalarescaperoom.com\/es\/wp-json\/wp\/v2\/media?parent=71"}],"curies":[{"name":"wp","href":"https:\/\/api.w.org\/{rel}","templated":true}]}}