{"id":69,"date":"2021-02-25T11:07:31","date_gmt":"2021-02-25T11:07:31","guid":{"rendered":"http:\/\/etxalarescaperoom.com\/?page_id=69"},"modified":"2022-01-25T20:00:11","modified_gmt":"2022-01-25T20:00:11","slug":"erreserbak","status":"publish","type":"page","link":"https:\/\/etxalarescaperoom.com\/es\/erreserbak\/","title":{"rendered":"RESERVAS"},"content":{"rendered":"<p>Para hacer la reserva:<br>1. Selecciona el d\u00eda<br>2. Selecciona la hora<br>3. Escoge el n\u00famero de jugadores (de 2 a 6)<br>4. Haz el pago siguiendo las instrucciones<br>5. Una vez realizada la reserva recibir\u00e1s un e-mail con la confirmaci\u00f3n (revisa tu bandeja de spam).<br>6. Para cualquier consulta puede escribirnos a info@etxalarescaperoom.com<\/p>\n\n\n\n          <div class=\"turitop_bswp_button_box_wrap\">\n\n                  <div class=\"load-turitop loading-turitop turitop_booking_system_box_button\"  data-service=\"P1\"  data-embed=\"box\" data-buttoncolor=\"green\" ><\/div>\n\n          <\/div>\n\n          \n\n\n\n<p><strong><span style=\"color:#30c30b\" class=\"has-inline-color\">Verde:<\/span><\/strong> Libre<\/p>\n\n\n\n<p><strong><span style=\"color:#bf2596\" class=\"has-inline-color\">Morado: <\/span><\/strong>Para reservar llamar al +34 634 77 99 78<\/p>\n\n\n\n<p><span style=\"color:#878c8e\" class=\"has-inline-color\"><strong>Gris:<\/strong> <\/span>Ocupado<\/p>","protected":false},"excerpt":{"rendered":"<p>Erreserba egiteko:1. Hautatu eguna2. Hautatu ordu-tartea3. Hautatu jokalari kopurua (2tik 6ra)4. Ordainketa egin argibideei jarraituz5. Erreserba egin eta berehala jasoko duzu baieztapen e-maila. Baliteke mezu baztergarrietara iristea. Ez baduzu e-maila jasotzen, jarri harremanetan gurekin.6. Edozein kontsulta egiteko idatzi e-mail bat info@etxalarescaperoom.com helbidera. Berdea: Libre Morea: Erreserba egiteko deitu +34 634 [&hellip;]<\/p>","protected":false},"author":1,"featured_media":0,"parent":0,"menu_order":0,"comment_status":"closed","ping_status":"closed","template":"","meta":{"_coblocks_attr":"","_coblocks_dimensions":"","_coblocks_responsive_height":"","_coblocks_accordion_ie_support":""},"_links":{"self":[{"href":"https:\/\/etxalarescaperoom.com\/es\/wp-json\/wp\/v2\/pages\/69"}],"collection":[{"href":"https:\/\/etxalarescaperoom.com\/es\/wp-json\/wp\/v2\/pages"}],"about":[{"href":"https:\/\/etxalarescaperoom.com\/es\/wp-json\/wp\/v2\/types\/page"}],"author":[{"embeddable":true,"href":"https:\/\/etxalarescaperoom.com\/es\/wp-json\/wp\/v2\/users\/1"}],"replies":[{"embeddable":true,"href":"https:\/\/etxalarescaperoom.com\/es\/wp-json\/wp\/v2\/comments?post=69"}],"version-history":[{"count":4,"href":"https:\/\/etxalarescaperoom.com\/es\/wp-json\/wp\/v2\/pages\/69\/revisions"}],"predecessor-version":[{"id":201,"href":"https:\/\/etxalarescaperoom.com\/es\/wp-json\/wp\/v2\/pages\/69\/revisions\/201"}],"wp:attachment":[{"href":"https:\/\/etxalarescaperoom.com\/es\/wp-json\/wp\/v2\/media?parent=69"}],"curies":[{"name":"wp","href":"https:\/\/api.w.org\/{rel}","templated":true}]}}