{"id":68,"date":"2021-02-25T11:07:31","date_gmt":"2021-02-25T11:07:31","guid":{"rendered":"http:\/\/etxalarescaperoom.com\/?page_id=68"},"modified":"2021-02-28T08:46:58","modified_gmt":"2021-02-28T08:46:58","slug":"denentzat","status":"publish","type":"page","link":"https:\/\/etxalarescaperoom.com\/es\/denentzat\/","title":{"rendered":"PARA TODOS"},"content":{"rendered":"<p>Entre 2 y 6 jugadores<\/p>\n\n\n\n<p>Para los que quieran probar cosas nuevas, para aventureros<\/p>\n\n\n\n<div style=\"height:45px\" aria-hidden=\"true\" class=\"wp-block-spacer\"><\/div>\n\n\n\n<div class=\"wp-block-columns\">\n<div class=\"wp-block-column\">\n<figure class=\"wp-block-image size-large is-resized\"><img loading=\"lazy\" src=\"http:\/\/etxalarescaperoom.com\/wp-content\/uploads\/2021\/02\/friends.png\" alt=\"\" class=\"wp-image-62\" width=\"155\" height=\"155\" srcset=\"https:\/\/etxalarescaperoom.com\/wp-content\/uploads\/2021\/02\/friends.png 452w, https:\/\/etxalarescaperoom.com\/wp-content\/uploads\/2021\/02\/friends-300x300.png 300w, https:\/\/etxalarescaperoom.com\/wp-content\/uploads\/2021\/02\/friends-150x150.png 150w, https:\/\/etxalarescaperoom.com\/wp-content\/uploads\/2021\/02\/friends-160x160.png 160w\" sizes=\"(max-width: 155px) 100vw, 155px\" \/><\/figure>\n\n\n\n<div style=\"height:16px\" aria-hidden=\"true\" class=\"wp-block-spacer\"><\/div>\n\n\n\n<p><strong>Amigos<\/strong><br>Reune a tus amigos y divi\u00e9rtete aprendiendo los secretos de la historia reciente de Etxalar.<\/p>\n\n\n\n<div style=\"height:100px\" aria-hidden=\"true\" class=\"wp-block-spacer\"><\/div>\n\n\n\n<figure class=\"wp-block-image size-large is-resized\"><img loading=\"lazy\" src=\"http:\/\/etxalarescaperoom.com\/wp-content\/uploads\/2021\/02\/7b278c9bf16ecf7c456131d7aac12e27.png\" alt=\"\" class=\"wp-image-58\" width=\"180\" height=\"180\" srcset=\"https:\/\/etxalarescaperoom.com\/wp-content\/uploads\/2021\/02\/7b278c9bf16ecf7c456131d7aac12e27.png 512w, https:\/\/etxalarescaperoom.com\/wp-content\/uploads\/2021\/02\/7b278c9bf16ecf7c456131d7aac12e27-300x300.png 300w, https:\/\/etxalarescaperoom.com\/wp-content\/uploads\/2021\/02\/7b278c9bf16ecf7c456131d7aac12e27-150x150.png 150w, https:\/\/etxalarescaperoom.com\/wp-content\/uploads\/2021\/02\/7b278c9bf16ecf7c456131d7aac12e27-160x160.png 160w\" sizes=\"(max-width: 180px) 100vw, 180px\" \/><\/figure>\n\n\n\n<p><strong>Familias<\/strong><br>Divi\u00e9rtete con los que m\u00e1s quieres, aprender\u00e1s jugando. Cultura y diversi\u00f3n para toda la familia.<\/p>\n\n\n\n<div style=\"height:100px\" aria-hidden=\"true\" class=\"wp-block-spacer\"><\/div>\n\n\n\n<figure class=\"wp-block-image size-large is-resized\"><img loading=\"lazy\" src=\"http:\/\/etxalarescaperoom.com\/wp-content\/uploads\/2021\/02\/icono-empresa-web.jpg\" alt=\"\" class=\"wp-image-59\" width=\"158\" height=\"158\" srcset=\"https:\/\/etxalarescaperoom.com\/wp-content\/uploads\/2021\/02\/icono-empresa-web.jpg 340w, https:\/\/etxalarescaperoom.com\/wp-content\/uploads\/2021\/02\/icono-empresa-web-300x300.jpg 300w, https:\/\/etxalarescaperoom.com\/wp-content\/uploads\/2021\/02\/icono-empresa-web-150x150.jpg 150w, https:\/\/etxalarescaperoom.com\/wp-content\/uploads\/2021\/02\/icono-empresa-web-160x160.jpg 160w\" sizes=\"(max-width: 158px) 100vw, 158px\" \/><\/figure>\n\n\n\n<p><strong>Empresas<\/strong><br>Pon a prueba tus habilidades y trabaja en equipo, vivir\u00e1s una experiencia \u00fanica!<\/p>\n<\/div>\n\n\n\n<div class=\"wp-block-column\">\n<figure class=\"wp-block-image size-large is-resized\"><img loading=\"lazy\" src=\"http:\/\/etxalarescaperoom.com\/wp-content\/uploads\/2021\/02\/pngtree-classroom-icon-for-your-project-png-image_1558000.jpg\" alt=\"\" class=\"wp-image-98\" width=\"165\" height=\"165\" srcset=\"https:\/\/etxalarescaperoom.com\/wp-content\/uploads\/2021\/02\/pngtree-classroom-icon-for-your-project-png-image_1558000.jpg 360w, https:\/\/etxalarescaperoom.com\/wp-content\/uploads\/2021\/02\/pngtree-classroom-icon-for-your-project-png-image_1558000-300x300.jpg 300w, https:\/\/etxalarescaperoom.com\/wp-content\/uploads\/2021\/02\/pngtree-classroom-icon-for-your-project-png-image_1558000-150x150.jpg 150w, https:\/\/etxalarescaperoom.com\/wp-content\/uploads\/2021\/02\/pngtree-classroom-icon-for-your-project-png-image_1558000-12x12.jpg 12w, https:\/\/etxalarescaperoom.com\/wp-content\/uploads\/2021\/02\/pngtree-classroom-icon-for-your-project-png-image_1558000-160x160.jpg 160w\" sizes=\"(max-width: 165px) 100vw, 165px\" \/><\/figure>\n\n\n\n<p><strong>Escolares<\/strong><br>Pensado para grupos de escolares que aprender\u00e1n a trav\u00e9s del juego la historia reciente del pueblo de Etxalar<\/p>\n\n\n\n<div style=\"height:100px\" aria-hidden=\"true\" class=\"wp-block-spacer\"><\/div>\n\n\n\n<figure class=\"wp-block-image size-large is-resized\"><img loading=\"lazy\" src=\"http:\/\/etxalarescaperoom.com\/wp-content\/uploads\/2021\/02\/descarga.png\" alt=\"\" class=\"wp-image-60\" width=\"179\" height=\"179\" srcset=\"https:\/\/etxalarescaperoom.com\/wp-content\/uploads\/2021\/02\/descarga.png 225w, https:\/\/etxalarescaperoom.com\/wp-content\/uploads\/2021\/02\/descarga-150x150.png 150w, https:\/\/etxalarescaperoom.com\/wp-content\/uploads\/2021\/02\/descarga-160x160.png 160w\" sizes=\"(max-width: 179px) 100vw, 179px\" \/><\/figure>\n\n\n\n<p><strong>Cumplea\u00f1os<\/strong><br>Regala cultura y sorprende a qui\u00e9n m\u00e1s quieres.<\/p>\n\n\n\n<div style=\"height:71px\" aria-hidden=\"true\" class=\"wp-block-spacer\"><\/div>\n\n\n\n<figure class=\"wp-block-image size-large\"><img loading=\"lazy\" width=\"200\" height=\"200\" src=\"https:\/\/etxalarescaperoom.com\/wp-content\/uploads\/2021\/02\/3fa3412aea70f2f8204712cd49e05f8c.png\" alt=\"\" class=\"wp-image-170\" srcset=\"https:\/\/etxalarescaperoom.com\/wp-content\/uploads\/2021\/02\/3fa3412aea70f2f8204712cd49e05f8c.png 200w, https:\/\/etxalarescaperoom.com\/wp-content\/uploads\/2021\/02\/3fa3412aea70f2f8204712cd49e05f8c-150x150.png 150w, https:\/\/etxalarescaperoom.com\/wp-content\/uploads\/2021\/02\/3fa3412aea70f2f8204712cd49e05f8c-12x12.png 12w, https:\/\/etxalarescaperoom.com\/wp-content\/uploads\/2021\/02\/3fa3412aea70f2f8204712cd49e05f8c-160x160.png 160w\" sizes=\"(max-width: 200px) 100vw, 200px\" \/><\/figure>\n\n\n\n<p><strong>Despedidas<\/strong><br>Si se casa alguien cercano, o si alguien va fuera para un tiempo, es una buena manera de decir adi\u00f3s o de despedirse<\/p>\n<\/div>\n<\/div>","protected":false},"excerpt":{"rendered":"<p>2 eta 6 jokalari artean Gauza berriak probatu nahi dituenarentzat, abenturazaleentzat LagunakBildu zure lagunak eta elkarrekin dibertitu zaitezte, Etxalarko historiaren sekretuak ezagutuz. FamiliakGehien maite dituzunekin diberti zaitez; jolasaren bidez ikasiko duzue. Kultura eta dibertimendua familia osoarentzat. EnpresakProbatu zure trebeziak eta egin lan taldean. Esperientzia paregabea izango duzu! IkasleakIkasle-taldeentzat pentsatuta dago, [&hellip;]<\/p>","protected":false},"author":1,"featured_media":0,"parent":0,"menu_order":0,"comment_status":"closed","ping_status":"closed","template":"","meta":{"_coblocks_attr":"","_coblocks_dimensions":"","_coblocks_responsive_height":"","_coblocks_accordion_ie_support":""},"_links":{"self":[{"href":"https:\/\/etxalarescaperoom.com\/es\/wp-json\/wp\/v2\/pages\/68"}],"collection":[{"href":"https:\/\/etxalarescaperoom.com\/es\/wp-json\/wp\/v2\/pages"}],"about":[{"href":"https:\/\/etxalarescaperoom.com\/es\/wp-json\/wp\/v2\/types\/page"}],"author":[{"embeddable":true,"href":"https:\/\/etxalarescaperoom.com\/es\/wp-json\/wp\/v2\/users\/1"}],"replies":[{"embeddable":true,"href":"https:\/\/etxalarescaperoom.com\/es\/wp-json\/wp\/v2\/comments?post=68"}],"version-history":[{"count":12,"href":"https:\/\/etxalarescaperoom.com\/es\/wp-json\/wp\/v2\/pages\/68\/revisions"}],"predecessor-version":[{"id":174,"href":"https:\/\/etxalarescaperoom.com\/es\/wp-json\/wp\/v2\/pages\/68\/revisions\/174"}],"wp:attachment":[{"href":"https:\/\/etxalarescaperoom.com\/es\/wp-json\/wp\/v2\/media?parent=68"}],"curies":[{"name":"wp","href":"https:\/\/api.w.org\/{rel}","templated":true}]}}