{"id":27,"date":"2021-02-25T10:42:01","date_gmt":"2021-02-25T10:42:01","guid":{"rendered":"http:\/\/etxalarescaperoom.com\/acerca-de\/"},"modified":"2021-02-25T10:42:01","modified_gmt":"2021-02-25T10:42:01","slug":"acerca-de","status":"publish","type":"page","link":"https:\/\/etxalarescaperoom.com\/es\/acerca-de\/","title":{"rendered":"Acerca de"},"content":{"rendered":"<figure class=\"wp-block-image alignwide size-full\"><img loading=\"lazy\" width=\"2500\" height=\"1000\" src=\"http:\/\/etxalarescaperoom.com\/wp-content\/uploads\/2021\/02\/about-image-1.jpg\" alt=\"Descripci\u00f3n de la imagen\" class=\"wp-image-13\" srcset=\"https:\/\/etxalarescaperoom.com\/wp-content\/uploads\/2021\/02\/about-image-1.jpg 2500w, https:\/\/etxalarescaperoom.com\/wp-content\/uploads\/2021\/02\/about-image-1-300x120.jpg 300w, https:\/\/etxalarescaperoom.com\/wp-content\/uploads\/2021\/02\/about-image-1-1024x410.jpg 1024w, https:\/\/etxalarescaperoom.com\/wp-content\/uploads\/2021\/02\/about-image-1-768x307.jpg 768w, https:\/\/etxalarescaperoom.com\/wp-content\/uploads\/2021\/02\/about-image-1-1536x614.jpg 1536w, https:\/\/etxalarescaperoom.com\/wp-content\/uploads\/2021\/02\/about-image-1-2048x819.jpg 2048w, https:\/\/etxalarescaperoom.com\/wp-content\/uploads\/2021\/02\/about-image-1-1568x627.jpg 1568w\" sizes=\"(max-width: 2500px) 100vw, 2500px\" \/><\/figure>\n\n\n\n<p><strong>Barista<\/strong> abri\u00f3 sus puertas en Scottsdale en julio de 2018. R\u00e1pidamente aceptado por los lugare\u00f1os de Phoenix y por los visitantes internacionales, nuestro caf\u00e9, restaurante y espacio para eventos ha florecido con varias ubicaciones a trav\u00e9s de la regi\u00f3n. Barista vuelve a la vida los favoritos de la infancia, tanto dulces como salados, del sur de Francia y de Am\u00e9rica del Norte.<\/p>\n\n\n\n<p>Abrimos los siete d\u00edas de la semana y ofrecemos una selecci\u00f3n de deliciosos productos horneados, caf\u00e9, desayuno fresco y opciones de almuerzo. Aseg\u00farate de tomar una taza.<\/p>\n\n\n\n<div style=\"height:20px\" aria-hidden=\"true\" class=\"wp-block-spacer\"><\/div>\n\n\n\n<p style=\"text-align:center\"><strong>Nos puedes encontrar en:<\/strong><\/p>\n\n\n\n<p style=\"text-align:center\">123 Example Rd, Scottsdale, AZ 85260<\/p>\n\n\n\n<p style=\"text-align:center\">LUN-S\u00c1B: 11 a. m. &#8211; 7 p. m.<\/p>\n\n\n\n<p style=\"text-align:center\">Dom: 11 a. m. &#8211; 4 p. m.<\/p>\n\n<div style=\"min-height:534px\" data-map-attr=\"\/qaddress\/q:\/qScottsdale Arizona\/q||\/qlat\/q:\/qundefined\/q||\/qlng\/q:\/qundefined\/q||\/qskin\/q:\/qstandard\/q||\/qzoom\/q:\/q12\/q||\/qiconSize\/q:\/q36\/q||\/qmapTypeControl\/q:\/qtrue\/q||\/qzoomControl\/q:\/qtrue\/q||\/qstreetViewControl\/q:\/qtrue\/q||\/qfullscreenControl\/q:\/qtrue\/q\" class=\"wp-block-coblocks-map alignfull\"><iframe title=\"Google Map\" frameborder=\"0\" style=\"width:100%;min-height:534px\" src=\"https:\/\/www.google.com\/maps?q=Scottsdale%20Arizona&amp;output=embed&amp;hl=es-ES&amp;z=12\"><\/iframe><\/div>","protected":false},"excerpt":{"rendered":"<p>Barista abri\u00f3 sus puertas en Scottsdale en julio de 2018. R\u00e1pidamente aceptado por los lugare\u00f1os de Phoenix y por los visitantes internacionales, nuestro caf\u00e9, restaurante y espacio para eventos ha florecido con varias ubicaciones a trav\u00e9s de la regi\u00f3n. Barista vuelve a la vida los favoritos de la infancia, tanto [&hellip;]<\/p>","protected":false},"author":1,"featured_media":0,"parent":0,"menu_order":0,"comment_status":"closed","ping_status":"closed","template":"","meta":{"_coblocks_attr":"","_coblocks_dimensions":"","_coblocks_responsive_height":"","_coblocks_accordion_ie_support":""},"_links":{"self":[{"href":"https:\/\/etxalarescaperoom.com\/es\/wp-json\/wp\/v2\/pages\/27"}],"collection":[{"href":"https:\/\/etxalarescaperoom.com\/es\/wp-json\/wp\/v2\/pages"}],"about":[{"href":"https:\/\/etxalarescaperoom.com\/es\/wp-json\/wp\/v2\/types\/page"}],"author":[{"embeddable":true,"href":"https:\/\/etxalarescaperoom.com\/es\/wp-json\/wp\/v2\/users\/1"}],"replies":[{"embeddable":true,"href":"https:\/\/etxalarescaperoom.com\/es\/wp-json\/wp\/v2\/comments?post=27"}],"version-history":[{"count":1,"href":"https:\/\/etxalarescaperoom.com\/es\/wp-json\/wp\/v2\/pages\/27\/revisions"}],"predecessor-version":[{"id":36,"href":"https:\/\/etxalarescaperoom.com\/es\/wp-json\/wp\/v2\/pages\/27\/revisions\/36"}],"wp:attachment":[{"href":"https:\/\/etxalarescaperoom.com\/es\/wp-json\/wp\/v2\/media?parent=27"}],"curies":[{"name":"wp","href":"https:\/\/api.w.org\/{rel}","templated":true}]}}