{"id":106,"date":"2021-02-25T11:48:47","date_gmt":"2021-02-25T11:48:47","guid":{"rendered":"http:\/\/etxalarescaperoom.com\/?page_id=106"},"modified":"2021-02-28T08:53:56","modified_gmt":"2021-02-28T08:53:56","slug":"zalantzak","status":"publish","type":"page","link":"https:\/\/etxalarescaperoom.com\/es\/zalantzak\/","title":{"rendered":"DUDAS"},"content":{"rendered":"<p><strong>\u00bfQu\u00e9 es Etxalar Escape Room?<\/strong><br>Etxalar Escape Room es una actividad sociocultural en forma de escape room o juego de escape en el que un grupo de personas tiene 60 minutos para conseguir escapar de un espacio tematizado y que en este caso nos transporta a la historia reciente del pueblo de Etxalar<\/p>\n\n\n\n<p><strong>\u00bfCu\u00e1ntas personas pueden jugar?<\/strong><br>Est\u00e1 preparado para grupos de 2 a 6 personas.<\/p>\n\n\n\n<p><strong>\u00bfHay l\u00edmite de edad?<\/strong><br>Recomendado para personas mayores de 10 a\u00f1os. Ideal para grupos de amigos o familia, grupos de empresa, escolares o colonias de verano.<\/p>\n\n\n\n<p><strong>\u00bfEn qu\u00e9 idioma puedo jugar?<\/strong><br>Est\u00e1 adaptado al Espa\u00f1ol y Euskara.<\/p>\n\n\n\n<p><strong>\u00bfSe necesita alguna condici\u00f3n f\u00edsica?<\/strong><br>No se necesita tener ninguna condici\u00f3n f\u00edsica, en ning\u00fan momento se realizan ejercicios f\u00edsicos o que requieran el uso de la fuerza. \u00danicamente se usar\u00e1 el ingenio, la destreza mental, trabajo en equipo y la habilidad para resolver las pruebas.<\/p>\n\n\n\n<p><strong>\u00bfHay que llevar alguna ropa espec\u00edfica?<\/strong><br>Se recomienda venir con ropa y calzado c\u00f3modos.<\/p>\n\n\n\n<p><strong>\u00bfQu\u00e9 pasa si una persona decide abandonar el juego mientras jugamos?<\/strong><br>Une oro, pertsona bat egongo da jolas-eremutik kanpo, jarduera begiratzeko eta behar izanez gero laguntza eskaintzeko. Norbaitek jolasetik irten behar badu, bertatik irten daiteke, beste guztiak jokoa amaitu arte barruan jarraituz. Jokotik irten den pertsona ezingo da berriro sartu.<\/p>\n\n\n\n<p><strong>\u00bfTodo el mundo supera el juego?<\/strong><br>No, es un juego de inteligencia y habilidad y no todo el mundo es capaz de superarlo en el tiempo establecido. E ah\u00ed el reto.<\/p>\n\n\n\n<p><strong>\u00bfQu\u00e9 pasa si no conseguimos salir en 60 minutos?<\/strong><br>En caso de participar en la actividad y no conseguir salir en los 60 minutos establecidos, se considerar\u00e1 que la actividad ha sido realizada y el juego se da por finalizado, \u00a1tal vez la pr\u00f3xima vez haya m\u00e1s suerte!<\/p>\n\n\n\n<p><strong>\u00bfY si llegamos tarde?<\/strong><br>Los retrasos perjudican seriamente a la organizaci\u00f3n y a los horarios de las siguientes sesiones de la actividad de nuestros clientes. Todos los participantes deben entrar a la hora marcada en su reserva. Se recomienda llegar unos minutos antes para evitar retrasos y verificar la sesi\u00f3n por nuestro personal. Si se produce un retraso de 5 minutos o m\u00e1s respecto a la hora reservada no se podr\u00e1 iniciar el juego. Si falta una persona del equipo el resto de participantes deber\u00e1 iniciar el juego transcurridos los 5 minutos de espera.<br>\u00a1ATENCI\u00d3N! en este caso no es posible cancelar el juego y la tarifa no es reembolsable.<\/p>\n\n\n\n<p><strong>Medidas COVID19: <\/strong><br>Por causa del Covid 19 se mantendr\u00e1n las siguientes medidas de seguridad: Entre un grupo y el siguiente se respetar\u00e1 una hora de margen para ventilar el local y realizar la desinfecci\u00f3n. Los participantes tendr\u00e1n que usar la mascarilla durante los 60 minutos de juego y el que quiera podr\u00e1 solicitar los guantes. En la entrada y salida del local se tomar\u00e1 la temperatura y se desinfectar\u00e1n las manos y los calzados.<\/p>\n\n\n\n<div style=\"height:100px\" aria-hidden=\"true\" class=\"wp-block-spacer\"><\/div>","protected":false},"excerpt":{"rendered":"<p>Zer da Etxalar Escape Room?Etxalar Escape Room ihes-jokoetan oinarritutako jarduera soziokultural bat da. Jokoan zehar, pertsona talde batek 60 minutu izango ditu gai baten inguruan prestatutako leku batetik ihes egiteko. Kasu honetan Etxalarko herriaren historia ezagutzera eramango gaitu. Zenbat lagunek jolas dezakete?2 pertsonatik 6ra bitarteko taldeentzat dago pentsatuta. Ba al [&hellip;]<\/p>","protected":false},"author":1,"featured_media":0,"parent":0,"menu_order":0,"comment_status":"closed","ping_status":"closed","template":"","meta":{"_coblocks_attr":"","_coblocks_dimensions":"","_coblocks_responsive_height":"","_coblocks_accordion_ie_support":""},"_links":{"self":[{"href":"https:\/\/etxalarescaperoom.com\/es\/wp-json\/wp\/v2\/pages\/106"}],"collection":[{"href":"https:\/\/etxalarescaperoom.com\/es\/wp-json\/wp\/v2\/pages"}],"about":[{"href":"https:\/\/etxalarescaperoom.com\/es\/wp-json\/wp\/v2\/types\/page"}],"author":[{"embeddable":true,"href":"https:\/\/etxalarescaperoom.com\/es\/wp-json\/wp\/v2\/users\/1"}],"replies":[{"embeddable":true,"href":"https:\/\/etxalarescaperoom.com\/es\/wp-json\/wp\/v2\/comments?post=106"}],"version-history":[{"count":5,"href":"https:\/\/etxalarescaperoom.com\/es\/wp-json\/wp\/v2\/pages\/106\/revisions"}],"predecessor-version":[{"id":180,"href":"https:\/\/etxalarescaperoom.com\/es\/wp-json\/wp\/v2\/pages\/106\/revisions\/180"}],"wp:attachment":[{"href":"https:\/\/etxalarescaperoom.com\/es\/wp-json\/wp\/v2\/media?parent=106"}],"curies":[{"name":"wp","href":"https:\/\/api.w.org\/{rel}","templated":true}]}}